{"id":6,"date":"2017-03-06T16:13:33","date_gmt":"2017-03-06T16:13:33","guid":{"rendered":"http:\/\/tourismus-oste.de\/info\/?page_id=6"},"modified":"2017-04-17T08:25:33","modified_gmt":"2017-04-17T08:25:33","slug":"osteland","status":"publish","type":"page","link":"https:\/\/tourismus-oste.de\/info\/","title":{"rendered":"Osteland"},"content":{"rendered":"<p>In unserer norddeutschen Urlaubsregion zwischen Elbe und Weser finden Sie Zeit zum Ausspannen und Erholen inmitten der Natur.<\/p>\n<p>Hier bieten sich neben einem umfangreichen Sport- und Fitnessangebot auch eine Vielzahl von Freizeitaktivit\u00e4ten an.<\/p>\n<p>In <a class=\"p\" rel=\"nofollow\" href=\"http:\/\/hemmoor.de\/\" target=\"_blank\">Hemmoor<\/a> k\u00f6nnen Sie tauchen, entlang der Oste angeln und nicht nur auf ausgewiesenen Radwanderwegen die nat\u00fcrliche Landschaft genie\u00dfen.<\/p>\n<p>Unsere ortsans\u00e4ssige Gastronomie rundet Ihren Urlaub gen\u00fcsslich ab.<\/p>\n<p>Und bei Ihrem <a class=\"p\" href=\"http:\/\/tourismus-oste.de\/info\/?page_id=12\">Gastgeber<\/a> erhalten Sie neben der gew\u00fcnschten Unterkunft auch umfangreiche Informationen zur Planung und Gestaltung Ihres Aufenthaltes.<\/p>\n","protected":false},"excerpt":{"rendered":"<p>In unserer norddeutschen Urlaubsregion zwischen Elbe und Weser finden Sie Zeit zum Ausspannen und Erholen inmitten der Natur. Hier bieten sich neben einem umfangreichen Sport- und Fitnessangebot auch eine Vielzahl von Freizeitaktivit\u00e4ten an. In Hemmoor k\u00f6nnen Sie tauchen, entlang der <a class=\"more-link\" href=\"https:\/\/tourismus-oste.de\/info\/\">weiterlesen&#8230;<\/a><\/p>\n","protected":false},"author":1,"featured_media":52,"parent":0,"menu_order":0,"comment_status":"closed","ping_status":"closed","template":"","meta":[],"_links":{"self":[{"href":"https:\/\/tourismus-oste.de\/info\/wp-json\/wp\/v2\/pages\/6"}],"collection":[{"href":"https:\/\/tourismus-oste.de\/info\/wp-json\/wp\/v2\/pages"}],"about":[{"href":"https:\/\/tourismus-oste.de\/info\/wp-json\/wp\/v2\/types\/page"}],"author":[{"embeddable":true,"href":"https:\/\/tourismus-oste.de\/info\/wp-json\/wp\/v2\/users\/1"}],"replies":[{"embeddable":true,"href":"https:\/\/tourismus-oste.de\/info\/wp-json\/wp\/v2\/comments?post=6"}],"version-history":[{"count":4,"href":"https:\/\/tourismus-oste.de\/info\/wp-json\/wp\/v2\/pages\/6\/revisions"}],"predecessor-version":[{"id":79,"href":"https:\/\/tourismus-oste.de\/info\/wp-json\/wp\/v2\/pages\/6\/revisions\/79"}],"wp:featuredmedia":[{"embeddable":true,"href":"https:\/\/tourismus-oste.de\/info\/wp-json\/wp\/v2\/media\/52"}],"wp:attachment":[{"href":"https:\/\/tourismus-oste.de\/info\/wp-json\/wp\/v2\/media?parent=6"}],"curies":[{"name":"wp","href":"https:\/\/api.w.org\/{rel}","templated":true}]}}