{"id":45,"date":"2017-03-07T16:17:53","date_gmt":"2017-03-07T16:17:53","guid":{"rendered":"http:\/\/tourismus-oste.de\/info\/?page_id=45"},"modified":"2019-03-14T13:33:21","modified_gmt":"2019-03-14T13:33:21","slug":"aktivitaeten","status":"publish","type":"page","link":"https:\/\/tourismus-oste.de\/info\/aktivitaeten\/","title":{"rendered":"Aktivit\u00e4ten"},"content":{"rendered":"<p><strong>Radtouren<\/strong><\/p>\n<p>Radtouren im Osteland und den Nachbarregionen sind f\u00fcr Sie in der Radkarte &#8222;Strampelpfade&#8220;<br \/>\nim Ma\u00dfstab 1:100 000 zusammengefasst. Diese erhalten Sie bei Ihrem <a href=\"http:\/\/tourismus-oste.de\/info\/?page_id=12\">Gastgeber<\/a>.<\/p>\n<p><strong>Erlebnisse im, am und auf dem Wasser<\/strong><\/p>\n<ul>\n<li><a href=\"https:\/\/www.geesthof.de\/das-erleben-sie\/puettenhuepper\" target=\"_blank\" rel=\"nofollow\">P\u00fcttenh\u00fcpper<\/a> &#8211; Naturf\u00fchrungen und Ausflugfahrten auf der Oste<\/li>\n<li><a href=\"https:\/\/www.kreideseetaucher.de\/u-boot\" target=\"_blank\" rel=\"nofollow\">Eurosub<\/a> &#8211; U-Bootfahrt zu versunkenen Relikten im Kreidesee<\/li>\n<li><a href=\"https:\/\/www.kreideseetaucher.de\/\" target=\"_blank\" rel=\"nofollow\">Tachbasis Kreidesee<\/a>, Cuxhavener Str. 1, 21745 Hemmoor<\/li>\n<li>Kanuverleih<br \/>\n<a href=\"https:\/\/www.geesthof.de\/\" target=\"_blank\" rel=\"nofollow\">Ferienpark Geesthof<\/a>,\u00a0 Am Ferienpark 1, 21755 Hechthausen<br \/>\nKrista Reibe, M\u00fchlenstr. 22, 21755 Hechthausen<\/li>\n<li><a href=\"http:\/\/hemmoor.de\/index.php?id=169\" target=\"_blank\" rel=\"nofollow\">Angeln<\/a> &#8211; \u00dcbersicht der Oste und den umliegenden Seen<\/li>\n<li>Hallenbad &#8211; Ostewelle, Lamstedter Str. 1, 21745 Hemmoor<\/li>\n<\/ul>\n<p><strong>Ausflugsziele<\/strong><\/p>\n<ul>\n<li><a href=\"http:\/\/hemmoor.de\/index.php?id=60\" target=\"_blank\" rel=\"nofollow\">Sehenw\u00fcrdigkeiten<\/a> aus der Region<\/li>\n<li>Als Tagesausfl\u00fcge bieten sich Stadtbesuche nach<br \/>\n<a href=\"https:\/\/www.bremen.de\/\" target=\"_blank\" rel=\"nofollow\">Bremen<\/a>, <a href=\"https:\/\/www.bremerhaven.de\/\" target=\"_blank\" rel=\"nofollow\">Bremerhaven<\/a>, <a href=\"https:\/\/www.cuxhaven.de\/\" target=\"_blank\" rel=\"nofollow\">Cuxhaven<\/a>, <a href=\"https:\/\/www.hamburg.de\/\" target=\"_blank\" rel=\"nofollow\">Hamburg<\/a>, <a href=\"https:\/\/www.stadt-stade.info\/\" target=\"_blank\" rel=\"nofollow\">Stade<\/a> an.<\/li>\n<\/ul>\n<p>Weitere Ausk\u00fcnfte und Informationen erhalten bei Ihrem <a href=\"http:\/\/tourismus-oste.de\/info\/?page_id=12\">Gastgeber<\/a> und in der<br \/>\nTouristeninformation im Rathaus Hemmoor, Rathausplatz 5, 21745 Hemmoor oder in der<br \/>\nTourist-Info Hemmoor, Bahnhofsweg 4 (ehemaliger Bahnhof) in Hemmoor.<\/p>\n<p>Nutzen Sie auch den <a href=\"http:\/\/hemmoor.de\/index.php?id=67\" target=\"_blank\" rel=\"nofollow\">Prospektservice<\/a> der Samtgemeinde Hemmoor um vorab mehr Informationen \u00fcber Ihre Urlaubsregion zu erhalten.<\/p>\n<p>Die <a href=\"http:\/\/www.hemmoor-services.de\/hemmoor_magazin\/Buergerbroschuere_SGHemmoor.pdf\" target=\"_blank\" rel=\"nofollow\">Informationsbrosch\u00fcre<\/a> der Samtgemeinde Hemmoor zum download mit einer F\u00fclle von Informationen und Anregungen.<\/p>\n<ul>\n<li><a href=\"http:\/\/hemmoor.de\/index.php?id=27\" target=\"_blank\" rel=\"nofollow\">Veranstaltungskalender &#8211; Termine<\/a><\/li>\n<\/ul>\n","protected":false},"excerpt":{"rendered":"<p>Radtouren Radtouren im Osteland und den Nachbarregionen sind f\u00fcr Sie in der Radkarte &#8222;Strampelpfade&#8220; im Ma\u00dfstab 1:100 000 zusammengefasst. Diese erhalten Sie bei Ihrem Gastgeber. Erlebnisse im, am und auf dem Wasser P\u00fcttenh\u00fcpper &#8211; Naturf\u00fchrungen und Ausflugfahrten auf der Oste <a class=\"more-link\" href=\"https:\/\/tourismus-oste.de\/info\/aktivitaeten\/\">weiterlesen&#8230;<\/a><\/p>\n","protected":false},"author":1,"featured_media":55,"parent":0,"menu_order":0,"comment_status":"closed","ping_status":"closed","template":"","meta":[],"_links":{"self":[{"href":"https:\/\/tourismus-oste.de\/info\/wp-json\/wp\/v2\/pages\/45"}],"collection":[{"href":"https:\/\/tourismus-oste.de\/info\/wp-json\/wp\/v2\/pages"}],"about":[{"href":"https:\/\/tourismus-oste.de\/info\/wp-json\/wp\/v2\/types\/page"}],"author":[{"embeddable":true,"href":"https:\/\/tourismus-oste.de\/info\/wp-json\/wp\/v2\/users\/1"}],"replies":[{"embeddable":true,"href":"https:\/\/tourismus-oste.de\/info\/wp-json\/wp\/v2\/comments?post=45"}],"version-history":[{"count":24,"href":"https:\/\/tourismus-oste.de\/info\/wp-json\/wp\/v2\/pages\/45\/revisions"}],"predecessor-version":[{"id":155,"href":"https:\/\/tourismus-oste.de\/info\/wp-json\/wp\/v2\/pages\/45\/revisions\/155"}],"wp:featuredmedia":[{"embeddable":true,"href":"https:\/\/tourismus-oste.de\/info\/wp-json\/wp\/v2\/media\/55"}],"wp:attachment":[{"href":"https:\/\/tourismus-oste.de\/info\/wp-json\/wp\/v2\/media?parent=45"}],"curies":[{"name":"wp","href":"https:\/\/api.w.org\/{rel}","templated":true}]}}